{"id":2910,"date":"2021-12-18T12:27:06","date_gmt":"2021-12-18T11:27:06","guid":{"rendered":"http:\/\/exhlydp.cluster031.hosting.ovh.net\/bahia\/room-with-garden\/"},"modified":"2026-01-21T09:29:58","modified_gmt":"2026-01-21T08:29:58","slug":"room-with-garden","status":"publish","type":"page","link":"https:\/\/hotelbahia06.fr\/en\/room-with-garden\/","title":{"rendered":"Room with garden"},"content":{"rendered":"\t\t<div data-elementor-type=\"wp-page\" data-elementor-id=\"2910\" class=\"elementor elementor-2910 elementor-1127\" data-elementor-post-type=\"page\">\n\t\t\t\t\t\t<section class=\"elementor-section elementor-top-section elementor-element elementor-element-fb9c472 elementor-section-height-min-height elementor-section-items-bottom elementor-section-boxed elementor-section-height-default\" data-id=\"fb9c472\" data-element_type=\"section\" data-e-type=\"section\" data-settings=\"{&quot;background_background&quot;:&quot;classic&quot;}\">\n\t\t\t\t\t\t\t<div class=\"elementor-background-overlay\"><\/div>\n\t\t\t\t\t\t\t<div class=\"elementor-container elementor-column-gap-default\">\n\t\t\t\t\t<div class=\"elementor-column elementor-col-100 elementor-top-column elementor-element elementor-element-2a3e3940\" data-id=\"2a3e3940\" data-element_type=\"column\" data-e-type=\"column\">\n\t\t\t<div class=\"elementor-widget-wrap elementor-element-populated\">\n\t\t\t\t\t\t\t<\/div>\n\t\t<\/div>\n\t\t\t\t\t<\/div>\n\t\t<\/section>\n\t\t\t\t<section class=\"elementor-section elementor-top-section elementor-element elementor-element-5dd7c3ec elementor-section-boxed elementor-section-height-default elementor-section-height-default\" data-id=\"5dd7c3ec\" data-element_type=\"section\" data-e-type=\"section\">\n\t\t\t\t\t\t<div class=\"elementor-container elementor-column-gap-default\">\n\t\t\t\t\t<div class=\"elementor-column elementor-col-100 elementor-top-column elementor-element elementor-element-52654d2d\" data-id=\"52654d2d\" data-element_type=\"column\" data-e-type=\"column\">\n\t\t\t<div class=\"elementor-widget-wrap elementor-element-populated\">\n\t\t\t\t\t\t<div class=\"elementor-element elementor-element-263b6290 elementor-widget elementor-widget-text-editor\" data-id=\"263b6290\" data-element_type=\"widget\" data-e-type=\"widget\" data-widget_type=\"text-editor.default\">\n\t\t\t\t<div class=\"elementor-widget-container\">\n\t\t\t\t\t\t\t\t\t<p>Room with a private garden area.<\/p><p>Bathroom with shower or bath, LCD TV with satellite channels, safe, mini fridge, hair dryer, wardrobe, courtesy tray, wifi connection.<\/p>\t\t\t\t\t\t\t\t<\/div>\n\t\t\t\t<\/div>\n\t\t\t\t<section class=\"elementor-section elementor-inner-section elementor-element elementor-element-7db43c27 elementor-reverse-mobile elementor-section-boxed elementor-section-height-default elementor-section-height-default\" data-id=\"7db43c27\" data-element_type=\"section\" data-e-type=\"section\">\n\t\t\t\t\t\t<div class=\"elementor-container elementor-column-gap-default\">\n\t\t\t\t\t<div class=\"elementor-column elementor-col-50 elementor-inner-column elementor-element elementor-element-1eaf5ce8\" data-id=\"1eaf5ce8\" data-element_type=\"column\" data-e-type=\"column\">\n\t\t\t<div class=\"elementor-widget-wrap elementor-element-populated\">\n\t\t\t\t\t\t<div class=\"elementor-element elementor-element-9673a6e elementor-arrows-position-inside elementor-widget elementor-widget-image-carousel\" data-id=\"9673a6e\" data-element_type=\"widget\" data-e-type=\"widget\" data-settings=\"{&quot;slides_to_show&quot;:&quot;1&quot;,&quot;navigation&quot;:&quot;arrows&quot;,&quot;effect&quot;:&quot;fade&quot;,&quot;autoplay&quot;:&quot;yes&quot;,&quot;pause_on_hover&quot;:&quot;yes&quot;,&quot;pause_on_interaction&quot;:&quot;yes&quot;,&quot;autoplay_speed&quot;:5000,&quot;infinite&quot;:&quot;yes&quot;,&quot;speed&quot;:500}\" data-widget_type=\"image-carousel.default\">\n\t\t\t\t<div class=\"elementor-widget-container\">\n\t\t\t\t\t\t\t<div class=\"elementor-image-carousel-wrapper swiper\" role=\"region\" aria-roledescription=\"carousel\" aria-label=\"Carrousel d\u2019images\" dir=\"ltr\">\n\t\t\t<div class=\"elementor-image-carousel swiper-wrapper\" aria-live=\"off\">\n\t\t\t\t\t\t\t\t<div class=\"swiper-slide\" role=\"group\" aria-roledescription=\"slide\" aria-label=\"1 of 4\"><figure class=\"swiper-slide-inner\"><img decoding=\"async\" class=\"swiper-slide-image\" src=\"https:\/\/hotelbahia06.fr\/wp-content\/uploads\/2026\/01\/Bahia-hotel-chambre-jardin-G-2.webp\" alt=\"Bahia-hotel-chambre-jardin-G.webp\" \/><\/figure><\/div><div class=\"swiper-slide\" role=\"group\" aria-roledescription=\"slide\" aria-label=\"2 of 4\"><figure class=\"swiper-slide-inner\"><img decoding=\"async\" class=\"swiper-slide-image\" src=\"https:\/\/hotelbahia06.fr\/wp-content\/uploads\/2026\/01\/Bahia-hotel-chambre-jardin-H-2.webp\" alt=\"Bahia-hotel-chambre-jardin-H.webp\" \/><\/figure><\/div><div class=\"swiper-slide\" role=\"group\" aria-roledescription=\"slide\" aria-label=\"3 of 4\"><figure class=\"swiper-slide-inner\"><img decoding=\"async\" class=\"swiper-slide-image\" src=\"https:\/\/hotelbahia06.fr\/wp-content\/uploads\/2026\/01\/Bahia-hotel-chambre-jardin-I-1.webp\" alt=\"Bahia-hotel-chambre-jardin-I.jpg\" \/><\/figure><\/div><div class=\"swiper-slide\" role=\"group\" aria-roledescription=\"slide\" aria-label=\"4 of 4\"><figure class=\"swiper-slide-inner\"><img decoding=\"async\" class=\"swiper-slide-image\" src=\"https:\/\/hotelbahia06.fr\/wp-content\/uploads\/2026\/01\/Bahia-hotel-jardin-J-1.webp\" alt=\"Bahia-hotel-jardin-J.jpg\" \/><\/figure><\/div>\t\t\t<\/div>\n\t\t\t\t\t\t\t\t\t\t\t\t<div class=\"elementor-swiper-button elementor-swiper-button-prev\" role=\"button\" tabindex=\"0\">\n\t\t\t\t\t\t<i aria-hidden=\"true\" class=\"eicon-chevron-left\"><\/i>\t\t\t\t\t<\/div>\n\t\t\t\t\t<div class=\"elementor-swiper-button elementor-swiper-button-next\" role=\"button\" tabindex=\"0\">\n\t\t\t\t\t\t<i aria-hidden=\"true\" class=\"eicon-chevron-right\"><\/i>\t\t\t\t\t<\/div>\n\t\t\t\t\n\t\t\t\t\t\t\t\t\t<\/div>\n\t\t\t\t\t\t<\/div>\n\t\t\t\t<\/div>\n\t\t\t\t\t<\/div>\n\t\t<\/div>\n\t\t\t\t<div class=\"elementor-column elementor-col-50 elementor-inner-column elementor-element elementor-element-4b71856\" data-id=\"4b71856\" data-element_type=\"column\" data-e-type=\"column\">\n\t\t\t<div class=\"elementor-widget-wrap elementor-element-populated\">\n\t\t\t\t\t\t<div class=\"elementor-element elementor-element-3875063d elementor-widget elementor-widget-heading\" data-id=\"3875063d\" data-element_type=\"widget\" data-e-type=\"widget\" data-widget_type=\"heading.default\">\n\t\t\t\t<div class=\"elementor-widget-container\">\n\t\t\t\t\t<h4 class=\"elementor-heading-title elementor-size-default\">Room services<\/h4>\t\t\t\t<\/div>\n\t\t\t\t<\/div>\n\t\t\t\t<div class=\"elementor-element elementor-element-44753660 elementor-icon-list--layout-traditional elementor-list-item-link-full_width elementor-widget elementor-widget-icon-list\" data-id=\"44753660\" data-element_type=\"widget\" data-e-type=\"widget\" data-widget_type=\"icon-list.default\">\n\t\t\t\t<div class=\"elementor-widget-container\">\n\t\t\t\t\t\t\t<ul class=\"elementor-icon-list-items\">\n\t\t\t\t\t\t\t<li class=\"elementor-icon-list-item\">\n\t\t\t\t\t\t\t\t\t\t\t<span class=\"elementor-icon-list-icon\">\n\t\t\t\t\t\t\t<i aria-hidden=\"true\" class=\"fas fa-wifi\"><\/i>\t\t\t\t\t\t<\/span>\n\t\t\t\t\t\t\t\t\t\t<span class=\"elementor-icon-list-text\">Free WIFI<\/span>\n\t\t\t\t\t\t\t\t\t<\/li>\n\t\t\t\t\t\t\t\t<li class=\"elementor-icon-list-item\">\n\t\t\t\t\t\t\t\t\t\t\t<span class=\"elementor-icon-list-icon\">\n\t\t\t\t\t\t\t<i aria-hidden=\"true\" class=\"far fa-snowflake\"><\/i>\t\t\t\t\t\t<\/span>\n\t\t\t\t\t\t\t\t\t\t<span class=\"elementor-icon-list-text\">Air-conditioned room<\/span>\n\t\t\t\t\t\t\t\t\t<\/li>\n\t\t\t\t\t\t\t\t<li class=\"elementor-icon-list-item\">\n\t\t\t\t\t\t\t\t\t\t\t<span class=\"elementor-icon-list-icon\">\n\t\t\t\t\t\t\t<i aria-hidden=\"true\" class=\"fas fa-cocktail\"><\/i>\t\t\t\t\t\t<\/span>\n\t\t\t\t\t\t\t\t\t\t<span class=\"elementor-icon-list-text\">Mini bar<\/span>\n\t\t\t\t\t\t\t\t\t<\/li>\n\t\t\t\t\t\t\t\t<li class=\"elementor-icon-list-item\">\n\t\t\t\t\t\t\t\t\t\t\t<span class=\"elementor-icon-list-icon\">\n\t\t\t\t\t\t\t<i aria-hidden=\"true\" class=\"fas fa-tv\"><\/i>\t\t\t\t\t\t<\/span>\n\t\t\t\t\t\t\t\t\t\t<span class=\"elementor-icon-list-text\">Television<\/span>\n\t\t\t\t\t\t\t\t\t<\/li>\n\t\t\t\t\t\t\t\t<li class=\"elementor-icon-list-item\">\n\t\t\t\t\t\t\t\t\t\t\t<span class=\"elementor-icon-list-icon\">\n\t\t\t\t\t\t\t<i aria-hidden=\"true\" class=\"fas fa-lock\"><\/i>\t\t\t\t\t\t<\/span>\n\t\t\t\t\t\t\t\t\t\t<span class=\"elementor-icon-list-text\">Safe<\/span>\n\t\t\t\t\t\t\t\t\t<\/li>\n\t\t\t\t\t\t\t\t<li class=\"elementor-icon-list-item\">\n\t\t\t\t\t\t\t\t\t\t\t<span class=\"elementor-icon-list-icon\">\n\t\t\t\t\t\t\t<i aria-hidden=\"true\" class=\"fas fa-smoking-ban\"><\/i>\t\t\t\t\t\t<\/span>\n\t\t\t\t\t\t\t\t\t\t<span class=\"elementor-icon-list-text\">Non smoking<\/span>\n\t\t\t\t\t\t\t\t\t<\/li>\n\t\t\t\t\t\t<\/ul>\n\t\t\t\t\t\t<\/div>\n\t\t\t\t<\/div>\n\t\t\t\t\t<\/div>\n\t\t<\/div>\n\t\t\t\t\t<\/div>\n\t\t<\/section>\n\t\t\t\t<div class=\"elementor-element elementor-element-576bf4e8 elementor-widget__width-auto elementor-widget elementor-widget-text-editor\" data-id=\"576bf4e8\" data-element_type=\"widget\" data-e-type=\"widget\" data-widget_type=\"text-editor.default\">\n\t\t\t\t<div class=\"elementor-widget-container\">\n\t\t\t\t\t\t\t\t\t<p>From <\/p>\t\t\t\t\t\t\t\t<\/div>\n\t\t\t\t<\/div>\n\t\t\t\t<div class=\"elementor-element elementor-element-761d0362 elementor-widget__width-auto elementor-widget elementor-widget-text-editor\" data-id=\"761d0362\" data-element_type=\"widget\" data-e-type=\"widget\" data-widget_type=\"text-editor.default\">\n\t\t\t\t<div class=\"elementor-widget-container\">\n\t\t\t\t\t\t\t\t\t<p>102\u20ac\/night<\/p>\t\t\t\t\t\t\t\t<\/div>\n\t\t\t\t<\/div>\n\t\t\t\t<div class=\"elementor-element elementor-element-35f791ab elementor-widget__width-auto elementor-widget elementor-widget-button\" data-id=\"35f791ab\" data-element_type=\"widget\" data-e-type=\"widget\" data-widget_type=\"button.default\">\n\t\t\t\t<div class=\"elementor-widget-container\">\n\t\t\t\t\t\t\t\t\t<div class=\"elementor-button-wrapper\">\n\t\t\t\t\t<a class=\"elementor-button elementor-button-link elementor-size-sm\" href=\"https:\/\/www.secure-hotel-booking.com\/smart\/Hotel-Bahia\/JJB9\/fr\/\">\n\t\t\t\t\t\t<span class=\"elementor-button-content-wrapper\">\n\t\t\t\t\t\t\t\t\t<span class=\"elementor-button-text\">Book<\/span>\n\t\t\t\t\t<\/span>\n\t\t\t\t\t<\/a>\n\t\t\t\t<\/div>\n\t\t\t\t\t\t\t\t<\/div>\n\t\t\t\t<\/div>\n\t\t\t\t\t<\/div>\n\t\t<\/div>\n\t\t\t\t\t<\/div>\n\t\t<\/section>\n\t\t\t\t<section class=\"elementor-section elementor-top-section elementor-element elementor-element-6e7b8e76 elementor-section-height-min-height elementor-section-items-bottom elementor-section-boxed elementor-section-height-default\" data-id=\"6e7b8e76\" data-element_type=\"section\" data-e-type=\"section\" data-settings=\"{&quot;background_background&quot;:&quot;classic&quot;,&quot;animation&quot;:&quot;none&quot;}\">\n\t\t\t\t\t\t\t<div class=\"elementor-background-overlay\"><\/div>\n\t\t\t\t\t\t\t<div class=\"elementor-container elementor-column-gap-default\">\n\t\t\t\t\t<div class=\"elementor-column elementor-col-100 elementor-top-column elementor-element elementor-element-5daa24ae\" data-id=\"5daa24ae\" data-element_type=\"column\" data-e-type=\"column\">\n\t\t\t<div class=\"elementor-widget-wrap elementor-element-populated\">\n\t\t\t\t\t\t<div class=\"elementor-element elementor-element-642101c5 elementor-hidden-mobile elementor-widget elementor-widget-heading\" data-id=\"642101c5\" data-element_type=\"widget\" data-e-type=\"widget\" data-widget_type=\"heading.default\">\n\t\t\t\t<div class=\"elementor-widget-container\">\n\t\t\t\t\t<h2 class=\"elementor-heading-title elementor-size-default\">Additional services<\/h2>\t\t\t\t<\/div>\n\t\t\t\t<\/div>\n\t\t\t\t<div class=\"elementor-element elementor-element-6328e992 elementor-hidden-desktop elementor-hidden-tablet elementor-widget elementor-widget-heading\" data-id=\"6328e992\" data-element_type=\"widget\" data-e-type=\"widget\" data-widget_type=\"heading.default\">\n\t\t\t\t<div class=\"elementor-widget-container\">\n\t\t\t\t\t<h2 class=\"elementor-heading-title elementor-size-default\">Additional services<\/h2>\t\t\t\t<\/div>\n\t\t\t\t<\/div>\n\t\t\t\t\t<\/div>\n\t\t<\/div>\n\t\t\t\t\t<\/div>\n\t\t<\/section>\n\t\t<div class=\"elementor-element elementor-element-0c35fc7 e-flex e-con-boxed e-con e-parent\" data-id=\"0c35fc7\" data-element_type=\"container\" data-e-type=\"container\">\n\t\t\t\t\t<div class=\"e-con-inner\">\n\t\t<div class=\"elementor-element elementor-element-88b35e7 e-con-full e-flex e-con e-child\" data-id=\"88b35e7\" data-element_type=\"container\" data-e-type=\"container\">\n\t\t\t\t<div class=\"elementor-element elementor-element-1eeabb3 elementor-widget elementor-widget-text-editor\" data-id=\"1eeabb3\" data-element_type=\"widget\" data-e-type=\"widget\" data-widget_type=\"text-editor.default\">\n\t\t\t\t<div class=\"elementor-widget-container\">\n\t\t\t\t\t\t\t\t\t<p><span style=\"font-weight: 400;\">Our team is at your disposal to answer your requests. Do not hesitate to contact us.<\/span><\/p>\t\t\t\t\t\t\t\t<\/div>\n\t\t\t\t<\/div>\n\t\t\t\t<div class=\"elementor-element elementor-element-38cd1b5 elementor-widget elementor-widget-text-editor\" data-id=\"38cd1b5\" data-element_type=\"widget\" data-e-type=\"widget\" data-widget_type=\"text-editor.default\">\n\t\t\t\t<div class=\"elementor-widget-container\">\n\t\t\t\t\t\t\t\t\t<p><em><span style=\"font-weight: 400;\">Example: laundry, organization of activities, catering reservations, taxi reservations\u2026.<\/span><\/em><\/p>\t\t\t\t\t\t\t\t<\/div>\n\t\t\t\t<\/div>\n\t\t<div class=\"elementor-element elementor-element-9814a37 e-con-full e-flex e-con e-child\" data-id=\"9814a37\" data-element_type=\"container\" data-e-type=\"container\">\n\t\t<div class=\"elementor-element elementor-element-4f2183d e-con-full e-flex e-con e-child\" data-id=\"4f2183d\" data-element_type=\"container\" data-e-type=\"container\">\n\t\t\t\t<div class=\"elementor-element elementor-element-fece4a5 elementor-widget elementor-widget-image\" data-id=\"fece4a5\" data-element_type=\"widget\" data-e-type=\"widget\" data-widget_type=\"image.default\">\n\t\t\t\t<div class=\"elementor-widget-container\">\n\t\t\t\t\t\t\t\t\t\t\t\t\t\t\t<img fetchpriority=\"high\" decoding=\"async\" width=\"800\" height=\"215\" src=\"https:\/\/hotelbahia06.fr\/wp-content\/uploads\/2021\/10\/services-supple\u0301mentaires-1024x275.jpg\" class=\"attachment-large size-large wp-image-2848\" alt=\"\" srcset=\"https:\/\/hotelbahia06.fr\/wp-content\/uploads\/2021\/10\/services-supple\u0301mentaires-1024x275.jpg 1024w, https:\/\/hotelbahia06.fr\/wp-content\/uploads\/2021\/10\/services-supple\u0301mentaires-300x81.jpg 300w, https:\/\/hotelbahia06.fr\/wp-content\/uploads\/2021\/10\/services-supple\u0301mentaires-768x206.jpg 768w, https:\/\/hotelbahia06.fr\/wp-content\/uploads\/2021\/10\/services-supple\u0301mentaires-1536x413.jpg 1536w, https:\/\/hotelbahia06.fr\/wp-content\/uploads\/2021\/10\/services-supple\u0301mentaires-2048x550.jpg 2048w\" sizes=\"(max-width: 800px) 100vw, 800px\" \/>\t\t\t\t\t\t\t\t\t\t\t\t\t\t\t<\/div>\n\t\t\t\t<\/div>\n\t\t\t\t<\/div>\n\t\t<div class=\"elementor-element elementor-element-5ff363d e-con-full e-flex e-con e-child\" data-id=\"5ff363d\" data-element_type=\"container\" data-e-type=\"container\">\n\t\t\t\t<div class=\"elementor-element elementor-element-3eea273 elementor-widget elementor-widget-button\" data-id=\"3eea273\" data-element_type=\"widget\" data-e-type=\"widget\" data-widget_type=\"button.default\">\n\t\t\t\t<div class=\"elementor-widget-container\">\n\t\t\t\t\t\t\t\t\t<div class=\"elementor-button-wrapper\">\n\t\t\t\t\t<a class=\"elementor-button elementor-button-link elementor-size-sm\" href=\"#elementor-action%3Aaction%3Dpopup%3Aopen%26settings%3DeyJpZCI6NDQxNywidG9nZ2xlIjpmYWxzZX0%3D\">\n\t\t\t\t\t\t<span class=\"elementor-button-content-wrapper\">\n\t\t\t\t\t\t\t\t\t<span class=\"elementor-button-text\">Additional services<\/span>\n\t\t\t\t\t<\/span>\n\t\t\t\t\t<\/a>\n\t\t\t\t<\/div>\n\t\t\t\t\t\t\t\t<\/div>\n\t\t\t\t<\/div>\n\t\t\t\t<\/div>\n\t\t\t\t<\/div>\n\t\t\t\t<\/div>\n\t\t\t\t\t<\/div>\n\t\t\t\t<\/div>\n\t\t\t\t<\/div>\n\t\t","protected":false},"excerpt":{"rendered":"<p>Room with a private garden area. Bathroom with shower or bath, LCD TV with satellite channels, safe, mini fridge, hair dryer, wardrobe, courtesy tray, wifi connection. Room services Free WIFI Air-conditioned room Mini bar Television Safe Non smoking From 102\u20ac\/night Book Additional services Additional services Our team is at your disposal to answer your requests. [&hellip;]<\/p>\n","protected":false},"author":2,"featured_media":5547,"parent":0,"menu_order":0,"comment_status":"closed","ping_status":"closed","template":"","meta":{"_acf_changed":false,"footnotes":""},"class_list":["post-2910","page","type-page","status-publish","has-post-thumbnail","hentry"],"acf":[],"yoast_head":"<!-- This site is optimized with the Yoast SEO plugin v27.4 - https:\/\/yoast.com\/product\/yoast-seo-wordpress\/ -->\n<title>Room with garden - Bahia H\u00f4tel<\/title>\n<meta name=\"robots\" content=\"index, follow, max-snippet:-1, max-image-preview:large, max-video-preview:-1\" \/>\n<link rel=\"canonical\" href=\"https:\/\/hotelbahia06.fr\/en\/room-with-garden\/\" \/>\n<meta property=\"og:locale\" content=\"en_US\" \/>\n<meta property=\"og:type\" content=\"article\" \/>\n<meta property=\"og:title\" content=\"Room with garden - Bahia H\u00f4tel\" \/>\n<meta property=\"og:description\" content=\"Room with a private garden area. Bathroom with shower or bath, LCD TV with satellite channels, safe, mini fridge, hair dryer, wardrobe, courtesy tray, wifi connection. Room services Free WIFI Air-conditioned room Mini bar Television Safe Non smoking From 102\u20ac\/night Book Additional services Additional services Our team is at your disposal to answer your requests. [&hellip;]\" \/>\n<meta property=\"og:url\" content=\"https:\/\/hotelbahia06.fr\/en\/room-with-garden\/\" \/>\n<meta property=\"og:site_name\" content=\"Bahia H\u00f4tel\" \/>\n<meta property=\"article:modified_time\" content=\"2026-01-21T08:29:58+00:00\" \/>\n<meta property=\"og:image\" content=\"https:\/\/hotelbahia06.fr\/wp-content\/uploads\/2026\/01\/Hotel-Bahia-Hero-Room-Hotel.webp\" \/>\n\t<meta property=\"og:image:width\" content=\"1228\" \/>\n\t<meta property=\"og:image:height\" content=\"640\" \/>\n\t<meta property=\"og:image:type\" content=\"image\/jpeg\" \/>\n<meta name=\"twitter:card\" content=\"summary_large_image\" \/>\n<meta name=\"twitter:label1\" content=\"Est. reading time\" \/>\n\t<meta name=\"twitter:data1\" content=\"2 minutes\" \/>\n<script type=\"application\/ld+json\" class=\"yoast-schema-graph\">{\"@context\":\"https:\\\/\\\/schema.org\",\"@graph\":[{\"@type\":\"WebPage\",\"@id\":\"https:\\\/\\\/hotelbahia06.fr\\\/en\\\/room-with-garden\\\/\",\"url\":\"https:\\\/\\\/hotelbahia06.fr\\\/en\\\/room-with-garden\\\/\",\"name\":\"Room with garden - Bahia H\u00f4tel\",\"isPartOf\":{\"@id\":\"https:\\\/\\\/hotelbahia06.fr\\\/en\\\/#website\"},\"primaryImageOfPage\":{\"@id\":\"https:\\\/\\\/hotelbahia06.fr\\\/en\\\/room-with-garden\\\/#primaryimage\"},\"image\":{\"@id\":\"https:\\\/\\\/hotelbahia06.fr\\\/en\\\/room-with-garden\\\/#primaryimage\"},\"thumbnailUrl\":\"https:\\\/\\\/hotelbahia06.fr\\\/wp-content\\\/uploads\\\/2026\\\/01\\\/Hotel-Bahia-Hero-Room-Hotel.webp\",\"datePublished\":\"2021-12-18T11:27:06+00:00\",\"dateModified\":\"2026-01-21T08:29:58+00:00\",\"breadcrumb\":{\"@id\":\"https:\\\/\\\/hotelbahia06.fr\\\/en\\\/room-with-garden\\\/#breadcrumb\"},\"inLanguage\":\"en-US\",\"potentialAction\":[{\"@type\":\"ReadAction\",\"target\":[\"https:\\\/\\\/hotelbahia06.fr\\\/en\\\/room-with-garden\\\/\"]}]},{\"@type\":\"ImageObject\",\"inLanguage\":\"en-US\",\"@id\":\"https:\\\/\\\/hotelbahia06.fr\\\/en\\\/room-with-garden\\\/#primaryimage\",\"url\":\"https:\\\/\\\/hotelbahia06.fr\\\/wp-content\\\/uploads\\\/2026\\\/01\\\/Hotel-Bahia-Hero-Room-Hotel.webp\",\"contentUrl\":\"https:\\\/\\\/hotelbahia06.fr\\\/wp-content\\\/uploads\\\/2026\\\/01\\\/Hotel-Bahia-Hero-Room-Hotel.webp\",\"width\":1228,\"height\":640},{\"@type\":\"BreadcrumbList\",\"@id\":\"https:\\\/\\\/hotelbahia06.fr\\\/en\\\/room-with-garden\\\/#breadcrumb\",\"itemListElement\":[{\"@type\":\"ListItem\",\"position\":1,\"name\":\"Accueil\",\"item\":\"https:\\\/\\\/hotelbahia06.fr\\\/en\\\/\"},{\"@type\":\"ListItem\",\"position\":2,\"name\":\"Room with garden\"}]},{\"@type\":\"WebSite\",\"@id\":\"https:\\\/\\\/hotelbahia06.fr\\\/en\\\/#website\",\"url\":\"https:\\\/\\\/hotelbahia06.fr\\\/en\\\/\",\"name\":\"Bahia H\u00f4tel\",\"description\":\"Partir \u00e0 la d\u00e9couverte de la C\u00f4te d&#039;Azur\",\"publisher\":{\"@id\":\"https:\\\/\\\/hotelbahia06.fr\\\/en\\\/#organization\"},\"potentialAction\":[{\"@type\":\"SearchAction\",\"target\":{\"@type\":\"EntryPoint\",\"urlTemplate\":\"https:\\\/\\\/hotelbahia06.fr\\\/en\\\/?s={search_term_string}\"},\"query-input\":{\"@type\":\"PropertyValueSpecification\",\"valueRequired\":true,\"valueName\":\"search_term_string\"}}],\"inLanguage\":\"en-US\"},{\"@type\":\"Organization\",\"@id\":\"https:\\\/\\\/hotelbahia06.fr\\\/en\\\/#organization\",\"name\":\"Bahia H\u00f4tel\",\"url\":\"https:\\\/\\\/hotelbahia06.fr\\\/en\\\/\",\"logo\":{\"@type\":\"ImageObject\",\"inLanguage\":\"en-US\",\"@id\":\"https:\\\/\\\/hotelbahia06.fr\\\/en\\\/#\\\/schema\\\/logo\\\/image\\\/\",\"url\":\"https:\\\/\\\/hotelbahia06.fr\\\/wp-content\\\/uploads\\\/2021\\\/10\\\/LOGO-BAHIA-HOTEL-web-RS-1.webp\",\"contentUrl\":\"https:\\\/\\\/hotelbahia06.fr\\\/wp-content\\\/uploads\\\/2021\\\/10\\\/LOGO-BAHIA-HOTEL-web-RS-1.webp\",\"width\":350,\"height\":97,\"caption\":\"Bahia H\u00f4tel\"},\"image\":{\"@id\":\"https:\\\/\\\/hotelbahia06.fr\\\/en\\\/#\\\/schema\\\/logo\\\/image\\\/\"}}]}<\/script>\n<!-- \/ Yoast SEO plugin. -->","yoast_head_json":{"title":"Room with garden - Bahia H\u00f4tel","robots":{"index":"index","follow":"follow","max-snippet":"max-snippet:-1","max-image-preview":"max-image-preview:large","max-video-preview":"max-video-preview:-1"},"canonical":"https:\/\/hotelbahia06.fr\/en\/room-with-garden\/","og_locale":"en_US","og_type":"article","og_title":"Room with garden - Bahia H\u00f4tel","og_description":"Room with a private garden area. Bathroom with shower or bath, LCD TV with satellite channels, safe, mini fridge, hair dryer, wardrobe, courtesy tray, wifi connection. Room services Free WIFI Air-conditioned room Mini bar Television Safe Non smoking From 102\u20ac\/night Book Additional services Additional services Our team is at your disposal to answer your requests. [&hellip;]","og_url":"https:\/\/hotelbahia06.fr\/en\/room-with-garden\/","og_site_name":"Bahia H\u00f4tel","article_modified_time":"2026-01-21T08:29:58+00:00","og_image":[{"width":1228,"height":640,"url":"https:\/\/hotelbahia06.fr\/wp-content\/uploads\/2026\/01\/Hotel-Bahia-Hero-Room-Hotel.webp","type":"image\/jpeg"}],"twitter_card":"summary_large_image","twitter_misc":{"Est. reading time":"2 minutes"},"schema":{"@context":"https:\/\/schema.org","@graph":[{"@type":"WebPage","@id":"https:\/\/hotelbahia06.fr\/en\/room-with-garden\/","url":"https:\/\/hotelbahia06.fr\/en\/room-with-garden\/","name":"Room with garden - Bahia H\u00f4tel","isPartOf":{"@id":"https:\/\/hotelbahia06.fr\/en\/#website"},"primaryImageOfPage":{"@id":"https:\/\/hotelbahia06.fr\/en\/room-with-garden\/#primaryimage"},"image":{"@id":"https:\/\/hotelbahia06.fr\/en\/room-with-garden\/#primaryimage"},"thumbnailUrl":"https:\/\/hotelbahia06.fr\/wp-content\/uploads\/2026\/01\/Hotel-Bahia-Hero-Room-Hotel.webp","datePublished":"2021-12-18T11:27:06+00:00","dateModified":"2026-01-21T08:29:58+00:00","breadcrumb":{"@id":"https:\/\/hotelbahia06.fr\/en\/room-with-garden\/#breadcrumb"},"inLanguage":"en-US","potentialAction":[{"@type":"ReadAction","target":["https:\/\/hotelbahia06.fr\/en\/room-with-garden\/"]}]},{"@type":"ImageObject","inLanguage":"en-US","@id":"https:\/\/hotelbahia06.fr\/en\/room-with-garden\/#primaryimage","url":"https:\/\/hotelbahia06.fr\/wp-content\/uploads\/2026\/01\/Hotel-Bahia-Hero-Room-Hotel.webp","contentUrl":"https:\/\/hotelbahia06.fr\/wp-content\/uploads\/2026\/01\/Hotel-Bahia-Hero-Room-Hotel.webp","width":1228,"height":640},{"@type":"BreadcrumbList","@id":"https:\/\/hotelbahia06.fr\/en\/room-with-garden\/#breadcrumb","itemListElement":[{"@type":"ListItem","position":1,"name":"Accueil","item":"https:\/\/hotelbahia06.fr\/en\/"},{"@type":"ListItem","position":2,"name":"Room with garden"}]},{"@type":"WebSite","@id":"https:\/\/hotelbahia06.fr\/en\/#website","url":"https:\/\/hotelbahia06.fr\/en\/","name":"Bahia H\u00f4tel","description":"Partir \u00e0 la d\u00e9couverte de la C\u00f4te d&#039;Azur","publisher":{"@id":"https:\/\/hotelbahia06.fr\/en\/#organization"},"potentialAction":[{"@type":"SearchAction","target":{"@type":"EntryPoint","urlTemplate":"https:\/\/hotelbahia06.fr\/en\/?s={search_term_string}"},"query-input":{"@type":"PropertyValueSpecification","valueRequired":true,"valueName":"search_term_string"}}],"inLanguage":"en-US"},{"@type":"Organization","@id":"https:\/\/hotelbahia06.fr\/en\/#organization","name":"Bahia H\u00f4tel","url":"https:\/\/hotelbahia06.fr\/en\/","logo":{"@type":"ImageObject","inLanguage":"en-US","@id":"https:\/\/hotelbahia06.fr\/en\/#\/schema\/logo\/image\/","url":"https:\/\/hotelbahia06.fr\/wp-content\/uploads\/2021\/10\/LOGO-BAHIA-HOTEL-web-RS-1.webp","contentUrl":"https:\/\/hotelbahia06.fr\/wp-content\/uploads\/2021\/10\/LOGO-BAHIA-HOTEL-web-RS-1.webp","width":350,"height":97,"caption":"Bahia H\u00f4tel"},"image":{"@id":"https:\/\/hotelbahia06.fr\/en\/#\/schema\/logo\/image\/"}}]}},"_links":{"self":[{"href":"https:\/\/hotelbahia06.fr\/en\/wp-json\/wp\/v2\/pages\/2910","targetHints":{"allow":["GET"]}}],"collection":[{"href":"https:\/\/hotelbahia06.fr\/en\/wp-json\/wp\/v2\/pages"}],"about":[{"href":"https:\/\/hotelbahia06.fr\/en\/wp-json\/wp\/v2\/types\/page"}],"author":[{"embeddable":true,"href":"https:\/\/hotelbahia06.fr\/en\/wp-json\/wp\/v2\/users\/2"}],"replies":[{"embeddable":true,"href":"https:\/\/hotelbahia06.fr\/en\/wp-json\/wp\/v2\/comments?post=2910"}],"version-history":[{"count":16,"href":"https:\/\/hotelbahia06.fr\/en\/wp-json\/wp\/v2\/pages\/2910\/revisions"}],"predecessor-version":[{"id":5565,"href":"https:\/\/hotelbahia06.fr\/en\/wp-json\/wp\/v2\/pages\/2910\/revisions\/5565"}],"wp:featuredmedia":[{"embeddable":true,"href":"https:\/\/hotelbahia06.fr\/en\/wp-json\/wp\/v2\/media\/5547"}],"wp:attachment":[{"href":"https:\/\/hotelbahia06.fr\/en\/wp-json\/wp\/v2\/media?parent=2910"}],"curies":[{"name":"wp","href":"https:\/\/api.w.org\/{rel}","templated":true}]}}