{"id":2931,"date":"2021-12-18T12:27:11","date_gmt":"2021-12-18T11:27:11","guid":{"rendered":"http:\/\/exhlydp.cluster031.hosting.ovh.net\/bahia\/legal-notice\/"},"modified":"2025-05-27T13:15:17","modified_gmt":"2025-05-27T11:15:17","slug":"legal-notice","status":"publish","type":"page","link":"https:\/\/hotelbahia06.fr\/en\/legal-notice\/","title":{"rendered":"Legal Notice"},"content":{"rendered":"\t\t<div data-elementor-type=\"wp-page\" data-elementor-id=\"2931\" class=\"elementor elementor-2931 elementor-1888\" data-elementor-post-type=\"page\">\n\t\t\t\t\t\t<section class=\"elementor-section elementor-top-section elementor-element elementor-element-7c3a9d78 elementor-section-height-min-height elementor-section-items-bottom elementor-section-boxed elementor-section-height-default\" data-id=\"7c3a9d78\" data-element_type=\"section\" data-e-type=\"section\" data-settings=\"{&quot;background_background&quot;:&quot;classic&quot;}\">\n\t\t\t\t\t\t\t<div class=\"elementor-background-overlay\"><\/div>\n\t\t\t\t\t\t\t<div class=\"elementor-container elementor-column-gap-default\">\n\t\t\t\t\t<div class=\"elementor-column elementor-col-100 elementor-top-column elementor-element elementor-element-39ccbf1b\" data-id=\"39ccbf1b\" data-element_type=\"column\" data-e-type=\"column\">\n\t\t\t<div class=\"elementor-widget-wrap elementor-element-populated\">\n\t\t\t\t\t\t<div class=\"elementor-element elementor-element-293b4a7e elementor-widget elementor-widget-heading\" data-id=\"293b4a7e\" data-element_type=\"widget\" data-e-type=\"widget\" data-widget_type=\"heading.default\">\n\t\t\t\t<div class=\"elementor-widget-container\">\n\t\t\t\t\t<h1 class=\"elementor-heading-title elementor-size-default\">Legal Notice<\/h1>\t\t\t\t<\/div>\n\t\t\t\t<\/div>\n\t\t\t\t\t<\/div>\n\t\t<\/div>\n\t\t\t\t\t<\/div>\n\t\t<\/section>\n\t\t\t\t<section class=\"elementor-section elementor-top-section elementor-element elementor-element-b0bacec elementor-section-boxed elementor-section-height-default elementor-section-height-default\" data-id=\"b0bacec\" data-element_type=\"section\" data-e-type=\"section\">\n\t\t\t\t\t\t<div class=\"elementor-container elementor-column-gap-default\">\n\t\t\t\t\t<div class=\"elementor-column elementor-col-100 elementor-top-column elementor-element elementor-element-cec50a3\" data-id=\"cec50a3\" data-element_type=\"column\" data-e-type=\"column\">\n\t\t\t<div class=\"elementor-widget-wrap elementor-element-populated\">\n\t\t\t\t\t\t<div class=\"elementor-element elementor-element-0321d7a elementor-widget elementor-widget-text-editor\" data-id=\"0321d7a\" data-element_type=\"widget\" data-e-type=\"widget\" data-widget_type=\"text-editor.default\">\n\t\t\t\t<div class=\"elementor-widget-container\">\n\t\t\t\t\t\t\t\t\t<h4>Publisher identification<\/h4><p>SAS BAHIA Gestion<br>102 avenue Henri Giraud \u2013 06140 VENCE<\/p><p>SIREN : 408 594 034<br>SIRET (Headquarters) : 40859403400014<br>Activity \/ code NAF : Hotels and similar accommodation (5510Z)<\/p><h4>Director of publication<\/h4><h5>&#8220;Within the meaning of article 93-2 of law n \u00b0 82-652 of July 29, 1982.&#8221;<\/h5><p>SAS BAHIA Gestion, manager of the Hotel Bahia.<\/p><h4>Hosting Provider<\/h4><p>For hotelbahia06.com<br>OVH<br>Siret : 510 909 80700024<br>RCS Clermont Ferrand<\/p><h4>Webdesign<\/h4><p>For hotelbahia06.com<br>That&#8217;s Design <br>10 Harrison Close, RH2 7HU, Reigate, Surrey , UK<\/p><h4>Software used<\/h4><p>CMS WordPress<\/p><h4>Intellectual property<\/h4><p>The presentation and each of the elements appearing on the site www.hotelbahia06.com, are protected by the laws in application on the intellectual property, and belong to the author or are the subject of an authorization of use. No element of the www.hotelbahia06.com site may be copied, reproduced, modified, republished, loaded, distorted, transmitted or distributed in any way whatsoever, on any medium whatsoever, in whole or in part, without the prior written permission of the author. Logos, images and brands or any other element relating to other companies mentioned or used on the site www.hotelbahia06.com are the property of their respective authors. Any total or partial representation of this site by any means whatsoever, without the express authorization of the author, is prohibited and constitutes an infringement punishable by articles L.335-2 and following of the Intellectual Property Code. The author reserves the right to prosecute any act of infringement of his intellectual property rights. You can place on your site, blog, or social network a link to the site www.hotelbahia06.com and can also quote passages from the site www.hotelbahia06.com in accordance with article L.122-4 of the Property Code Intellectual while respecting the following condition Article L.122-5 paragraph 3: the source must be mentioned with a link to www.hotelbahia06.com<\/p>\t\t\t\t\t\t\t\t<\/div>\n\t\t\t\t<\/div>\n\t\t\t\t\t<\/div>\n\t\t<\/div>\n\t\t\t\t\t<\/div>\n\t\t<\/section>\n\t\t\t\t<\/div>\n\t\t","protected":false},"excerpt":{"rendered":"<p>Legal Notice Publisher identification SAS BAHIA Gestion102 avenue Henri Giraud \u2013 06140 VENCE SIREN : 408 594 034SIRET (Headquarters) : 40859403400014Activity \/ code NAF : Hotels and similar accommodation (5510Z) Director of publication &#8220;Within the meaning of article 93-2 of law n \u00b0 82-652 of July 29, 1982.&#8221; SAS BAHIA Gestion, manager of the Hotel [&hellip;]<\/p>\n","protected":false},"author":2,"featured_media":0,"parent":0,"menu_order":0,"comment_status":"closed","ping_status":"closed","template":"","meta":{"_acf_changed":false,"footnotes":""},"class_list":["post-2931","page","type-page","status-publish","hentry"],"acf":[],"yoast_head":"<!-- This site is optimized with the Yoast SEO plugin v27.3 - https:\/\/yoast.com\/product\/yoast-seo-wordpress\/ -->\n<title>Legal Notice - Bahia H\u00f4tel<\/title>\n<meta name=\"robots\" content=\"index, follow, max-snippet:-1, max-image-preview:large, max-video-preview:-1\" \/>\n<link rel=\"canonical\" href=\"https:\/\/hotelbahia06.fr\/en\/legal-notice\/\" \/>\n<meta property=\"og:locale\" content=\"en_US\" \/>\n<meta property=\"og:type\" content=\"article\" \/>\n<meta property=\"og:title\" content=\"Legal Notice - Bahia H\u00f4tel\" \/>\n<meta property=\"og:description\" content=\"Legal Notice Publisher identification SAS BAHIA Gestion102 avenue Henri Giraud \u2013 06140 VENCE SIREN : 408 594 034SIRET (Headquarters) : 40859403400014Activity \/ code NAF : Hotels and similar accommodation (5510Z) Director of publication &#8220;Within the meaning of article 93-2 of law n \u00b0 82-652 of July 29, 1982.&#8221; SAS BAHIA Gestion, manager of the Hotel [&hellip;]\" \/>\n<meta property=\"og:url\" content=\"https:\/\/hotelbahia06.fr\/en\/legal-notice\/\" \/>\n<meta property=\"og:site_name\" content=\"Bahia H\u00f4tel\" \/>\n<meta property=\"article:modified_time\" content=\"2025-05-27T11:15:17+00:00\" \/>\n<meta name=\"twitter:card\" content=\"summary_large_image\" \/>\n<meta name=\"twitter:label1\" content=\"Est. reading time\" \/>\n\t<meta name=\"twitter:data1\" content=\"2 minutes\" \/>\n<script type=\"application\/ld+json\" class=\"yoast-schema-graph\">{\"@context\":\"https:\\\/\\\/schema.org\",\"@graph\":[{\"@type\":\"WebPage\",\"@id\":\"https:\\\/\\\/hotelbahia06.fr\\\/en\\\/legal-notice\\\/\",\"url\":\"https:\\\/\\\/hotelbahia06.fr\\\/en\\\/legal-notice\\\/\",\"name\":\"Legal Notice - Bahia H\u00f4tel\",\"isPartOf\":{\"@id\":\"https:\\\/\\\/hotelbahia06.fr\\\/en\\\/#website\"},\"datePublished\":\"2021-12-18T11:27:11+00:00\",\"dateModified\":\"2025-05-27T11:15:17+00:00\",\"breadcrumb\":{\"@id\":\"https:\\\/\\\/hotelbahia06.fr\\\/en\\\/legal-notice\\\/#breadcrumb\"},\"inLanguage\":\"en-US\",\"potentialAction\":[{\"@type\":\"ReadAction\",\"target\":[\"https:\\\/\\\/hotelbahia06.fr\\\/en\\\/legal-notice\\\/\"]}]},{\"@type\":\"BreadcrumbList\",\"@id\":\"https:\\\/\\\/hotelbahia06.fr\\\/en\\\/legal-notice\\\/#breadcrumb\",\"itemListElement\":[{\"@type\":\"ListItem\",\"position\":1,\"name\":\"Accueil\",\"item\":\"https:\\\/\\\/hotelbahia06.fr\\\/en\\\/\"},{\"@type\":\"ListItem\",\"position\":2,\"name\":\"Legal Notice\"}]},{\"@type\":\"WebSite\",\"@id\":\"https:\\\/\\\/hotelbahia06.fr\\\/en\\\/#website\",\"url\":\"https:\\\/\\\/hotelbahia06.fr\\\/en\\\/\",\"name\":\"Bahia H\u00f4tel\",\"description\":\"Partir \u00e0 la d\u00e9couverte de la C\u00f4te d&#039;Azur\",\"publisher\":{\"@id\":\"https:\\\/\\\/hotelbahia06.fr\\\/en\\\/#organization\"},\"potentialAction\":[{\"@type\":\"SearchAction\",\"target\":{\"@type\":\"EntryPoint\",\"urlTemplate\":\"https:\\\/\\\/hotelbahia06.fr\\\/en\\\/?s={search_term_string}\"},\"query-input\":{\"@type\":\"PropertyValueSpecification\",\"valueRequired\":true,\"valueName\":\"search_term_string\"}}],\"inLanguage\":\"en-US\"},{\"@type\":\"Organization\",\"@id\":\"https:\\\/\\\/hotelbahia06.fr\\\/en\\\/#organization\",\"name\":\"Bahia H\u00f4tel\",\"url\":\"https:\\\/\\\/hotelbahia06.fr\\\/en\\\/\",\"logo\":{\"@type\":\"ImageObject\",\"inLanguage\":\"en-US\",\"@id\":\"https:\\\/\\\/hotelbahia06.fr\\\/en\\\/#\\\/schema\\\/logo\\\/image\\\/\",\"url\":\"https:\\\/\\\/hotelbahia06.fr\\\/wp-content\\\/uploads\\\/2021\\\/10\\\/LOGO-BAHIA-HOTEL-web-RS-1.webp\",\"contentUrl\":\"https:\\\/\\\/hotelbahia06.fr\\\/wp-content\\\/uploads\\\/2021\\\/10\\\/LOGO-BAHIA-HOTEL-web-RS-1.webp\",\"width\":350,\"height\":97,\"caption\":\"Bahia H\u00f4tel\"},\"image\":{\"@id\":\"https:\\\/\\\/hotelbahia06.fr\\\/en\\\/#\\\/schema\\\/logo\\\/image\\\/\"}}]}<\/script>\n<!-- \/ Yoast SEO plugin. -->","yoast_head_json":{"title":"Legal Notice - Bahia H\u00f4tel","robots":{"index":"index","follow":"follow","max-snippet":"max-snippet:-1","max-image-preview":"max-image-preview:large","max-video-preview":"max-video-preview:-1"},"canonical":"https:\/\/hotelbahia06.fr\/en\/legal-notice\/","og_locale":"en_US","og_type":"article","og_title":"Legal Notice - Bahia H\u00f4tel","og_description":"Legal Notice Publisher identification SAS BAHIA Gestion102 avenue Henri Giraud \u2013 06140 VENCE SIREN : 408 594 034SIRET (Headquarters) : 40859403400014Activity \/ code NAF : Hotels and similar accommodation (5510Z) Director of publication &#8220;Within the meaning of article 93-2 of law n \u00b0 82-652 of July 29, 1982.&#8221; SAS BAHIA Gestion, manager of the Hotel [&hellip;]","og_url":"https:\/\/hotelbahia06.fr\/en\/legal-notice\/","og_site_name":"Bahia H\u00f4tel","article_modified_time":"2025-05-27T11:15:17+00:00","twitter_card":"summary_large_image","twitter_misc":{"Est. reading time":"2 minutes"},"schema":{"@context":"https:\/\/schema.org","@graph":[{"@type":"WebPage","@id":"https:\/\/hotelbahia06.fr\/en\/legal-notice\/","url":"https:\/\/hotelbahia06.fr\/en\/legal-notice\/","name":"Legal Notice - Bahia H\u00f4tel","isPartOf":{"@id":"https:\/\/hotelbahia06.fr\/en\/#website"},"datePublished":"2021-12-18T11:27:11+00:00","dateModified":"2025-05-27T11:15:17+00:00","breadcrumb":{"@id":"https:\/\/hotelbahia06.fr\/en\/legal-notice\/#breadcrumb"},"inLanguage":"en-US","potentialAction":[{"@type":"ReadAction","target":["https:\/\/hotelbahia06.fr\/en\/legal-notice\/"]}]},{"@type":"BreadcrumbList","@id":"https:\/\/hotelbahia06.fr\/en\/legal-notice\/#breadcrumb","itemListElement":[{"@type":"ListItem","position":1,"name":"Accueil","item":"https:\/\/hotelbahia06.fr\/en\/"},{"@type":"ListItem","position":2,"name":"Legal Notice"}]},{"@type":"WebSite","@id":"https:\/\/hotelbahia06.fr\/en\/#website","url":"https:\/\/hotelbahia06.fr\/en\/","name":"Bahia H\u00f4tel","description":"Partir \u00e0 la d\u00e9couverte de la C\u00f4te d&#039;Azur","publisher":{"@id":"https:\/\/hotelbahia06.fr\/en\/#organization"},"potentialAction":[{"@type":"SearchAction","target":{"@type":"EntryPoint","urlTemplate":"https:\/\/hotelbahia06.fr\/en\/?s={search_term_string}"},"query-input":{"@type":"PropertyValueSpecification","valueRequired":true,"valueName":"search_term_string"}}],"inLanguage":"en-US"},{"@type":"Organization","@id":"https:\/\/hotelbahia06.fr\/en\/#organization","name":"Bahia H\u00f4tel","url":"https:\/\/hotelbahia06.fr\/en\/","logo":{"@type":"ImageObject","inLanguage":"en-US","@id":"https:\/\/hotelbahia06.fr\/en\/#\/schema\/logo\/image\/","url":"https:\/\/hotelbahia06.fr\/wp-content\/uploads\/2021\/10\/LOGO-BAHIA-HOTEL-web-RS-1.webp","contentUrl":"https:\/\/hotelbahia06.fr\/wp-content\/uploads\/2021\/10\/LOGO-BAHIA-HOTEL-web-RS-1.webp","width":350,"height":97,"caption":"Bahia H\u00f4tel"},"image":{"@id":"https:\/\/hotelbahia06.fr\/en\/#\/schema\/logo\/image\/"}}]}},"_links":{"self":[{"href":"https:\/\/hotelbahia06.fr\/en\/wp-json\/wp\/v2\/pages\/2931","targetHints":{"allow":["GET"]}}],"collection":[{"href":"https:\/\/hotelbahia06.fr\/en\/wp-json\/wp\/v2\/pages"}],"about":[{"href":"https:\/\/hotelbahia06.fr\/en\/wp-json\/wp\/v2\/types\/page"}],"author":[{"embeddable":true,"href":"https:\/\/hotelbahia06.fr\/en\/wp-json\/wp\/v2\/users\/2"}],"replies":[{"embeddable":true,"href":"https:\/\/hotelbahia06.fr\/en\/wp-json\/wp\/v2\/comments?post=2931"}],"version-history":[{"count":6,"href":"https:\/\/hotelbahia06.fr\/en\/wp-json\/wp\/v2\/pages\/2931\/revisions"}],"predecessor-version":[{"id":5114,"href":"https:\/\/hotelbahia06.fr\/en\/wp-json\/wp\/v2\/pages\/2931\/revisions\/5114"}],"wp:attachment":[{"href":"https:\/\/hotelbahia06.fr\/en\/wp-json\/wp\/v2\/media?parent=2931"}],"curies":[{"name":"wp","href":"https:\/\/api.w.org\/{rel}","templated":true}]}}