{"id":2942,"date":"2021-12-18T12:27:13","date_gmt":"2021-12-18T11:27:13","guid":{"rendered":"http:\/\/exhlydp.cluster031.hosting.ovh.net\/bahia\/contact\/"},"modified":"2026-02-14T19:10:57","modified_gmt":"2026-02-14T18:10:57","slug":"contact","status":"publish","type":"page","link":"https:\/\/hotelbahia06.fr\/en\/contact\/","title":{"rendered":"Contact"},"content":{"rendered":"\t\t<div data-elementor-type=\"wp-page\" data-elementor-id=\"2942\" class=\"elementor elementor-2942 elementor-127\" data-elementor-post-type=\"page\">\n\t\t\t\t\t\t<section class=\"elementor-section elementor-top-section elementor-element elementor-element-22140b7b elementor-section-height-min-height elementor-section-items-bottom elementor-section-boxed elementor-section-height-default\" data-id=\"22140b7b\" data-element_type=\"section\" data-e-type=\"section\" data-settings=\"{&quot;background_background&quot;:&quot;classic&quot;}\">\n\t\t\t\t\t\t\t<div class=\"elementor-background-overlay\"><\/div>\n\t\t\t\t\t\t\t<div class=\"elementor-container elementor-column-gap-default\">\n\t\t\t\t\t<div class=\"elementor-column elementor-col-100 elementor-top-column elementor-element elementor-element-499decbb\" data-id=\"499decbb\" data-element_type=\"column\" data-e-type=\"column\">\n\t\t\t<div class=\"elementor-widget-wrap elementor-element-populated\">\n\t\t\t\t\t\t<div class=\"elementor-element elementor-element-0abead9 elementor-widget elementor-widget-heading\" data-id=\"0abead9\" data-element_type=\"widget\" data-e-type=\"widget\" data-widget_type=\"heading.default\">\n\t\t\t\t<div class=\"elementor-widget-container\">\n\t\t\t\t\t<h1 class=\"elementor-heading-title elementor-size-default\">Contact<\/h1>\t\t\t\t<\/div>\n\t\t\t\t<\/div>\n\t\t\t\t\t<\/div>\n\t\t<\/div>\n\t\t\t\t\t<\/div>\n\t\t<\/section>\n\t\t<div class=\"elementor-element elementor-element-d856711 e-flex e-con-boxed e-con e-parent\" data-id=\"d856711\" data-element_type=\"container\" data-e-type=\"container\">\n\t\t\t\t\t<div class=\"e-con-inner\">\n\t\t<div class=\"elementor-element elementor-element-644d25f e-con-full e-flex e-con e-child\" data-id=\"644d25f\" data-element_type=\"container\" data-e-type=\"container\">\n\t\t\t\t<div class=\"elementor-element elementor-element-4de10de elementor-widget elementor-widget-heading\" data-id=\"4de10de\" data-element_type=\"widget\" data-e-type=\"widget\" data-widget_type=\"heading.default\">\n\t\t\t\t<div class=\"elementor-widget-container\">\n\t\t\t\t\t<h3 class=\"elementor-heading-title elementor-size-default\">Do you have questions, would you like to book?<\/h3>\t\t\t\t<\/div>\n\t\t\t\t<\/div>\n\t\t\t\t<div class=\"elementor-element elementor-element-74f27eb elementor-widget elementor-widget-text-editor\" data-id=\"74f27eb\" data-element_type=\"widget\" data-e-type=\"widget\" data-widget_type=\"text-editor.default\">\n\t\t\t\t<div class=\"elementor-widget-container\">\n\t\t\t\t\t\t\t\t\t<p>Leave us your contact details and your message and we will get back to you.<\/p>\t\t\t\t\t\t\t\t<\/div>\n\t\t\t\t<\/div>\n\t\t\t\t<\/div>\n\t\t\t\t\t<\/div>\n\t\t\t\t<\/div>\n\t\t<div class=\"elementor-element elementor-element-4c6f37e e-flex e-con-boxed e-con e-parent\" data-id=\"4c6f37e\" data-element_type=\"container\" data-e-type=\"container\">\n\t\t\t\t\t<div class=\"e-con-inner\">\n\t\t<div class=\"elementor-element elementor-element-1ebb403 e-con-full e-flex e-con e-child\" data-id=\"1ebb403\" data-element_type=\"container\" data-e-type=\"container\">\n\t\t\t\t<div class=\"elementor-element elementor-element-9193318 elementor-button-align-stretch elementor-widget elementor-widget-form\" data-id=\"9193318\" data-element_type=\"widget\" data-e-type=\"widget\" data-settings=\"{&quot;button_width&quot;:&quot;20&quot;,&quot;step_next_label&quot;:&quot;Following&quot;,&quot;step_previous_label&quot;:&quot;Previous&quot;,&quot;step_type&quot;:&quot;number_text&quot;,&quot;step_icon_shape&quot;:&quot;circle&quot;}\" data-widget_type=\"form.default\">\n\t\t\t\t<div class=\"elementor-widget-container\">\n\t\t\t\t\t\t\t<form class=\"elementor-form\" method=\"post\" name=\"New Form\" aria-label=\"New Form\">\n\t\t\t<input type=\"hidden\" name=\"post_id\" value=\"2942\"\/>\n\t\t\t<input type=\"hidden\" name=\"form_id\" value=\"9193318\"\/>\n\t\t\t<input type=\"hidden\" name=\"referer_title\" value=\"Contact - Bahia H\u00f4tel\" \/>\n\n\t\t\t\t\t\t\t<input type=\"hidden\" name=\"queried_id\" value=\"2942\"\/>\n\t\t\t\n\t\t\t<div class=\"elementor-form-fields-wrapper elementor-labels-above\">\n\t\t\t\t\t\t\t\t<div class=\"elementor-field-type-text elementor-field-group elementor-column elementor-field-group-name elementor-col-60 elementor-field-required elementor-mark-required\">\n\t\t\t\t\t\t\t\t\t\t\t\t<label for=\"form-field-name\" class=\"elementor-field-label\">\n\t\t\t\t\t\t\t\tLast name\t\t\t\t\t\t\t<\/label>\n\t\t\t\t\t\t\t\t\t\t\t\t\t\t<input size=\"1\" type=\"text\" name=\"form_fields[name]\" id=\"form-field-name\" class=\"elementor-field elementor-size-sm  elementor-field-textual\" placeholder=\"Last name\" required=\"required\">\n\t\t\t\t\t\t\t\t\t\t\t<\/div>\n\t\t\t\t\t\t\t\t<div class=\"elementor-field-type-text elementor-field-group elementor-column elementor-field-group-field_db4b873 elementor-col-40\">\n\t\t\t\t\t\t\t\t\t\t\t\t<label for=\"form-field-field_db4b873\" class=\"elementor-field-label\">\n\t\t\t\t\t\t\t\tFirst name\t\t\t\t\t\t\t<\/label>\n\t\t\t\t\t\t\t\t\t\t\t\t\t\t<input size=\"1\" type=\"text\" name=\"form_fields[field_db4b873]\" id=\"form-field-field_db4b873\" class=\"elementor-field elementor-size-sm  elementor-field-textual\" placeholder=\"First name\">\n\t\t\t\t\t\t\t\t\t\t\t<\/div>\n\t\t\t\t\t\t\t\t<div class=\"elementor-field-type-email elementor-field-group elementor-column elementor-field-group-email elementor-col-60 elementor-field-required elementor-mark-required\">\n\t\t\t\t\t\t\t\t\t\t\t\t<label for=\"form-field-email\" class=\"elementor-field-label\">\n\t\t\t\t\t\t\t\tE-mail\t\t\t\t\t\t\t<\/label>\n\t\t\t\t\t\t\t\t\t\t\t\t\t\t<input size=\"1\" type=\"email\" name=\"form_fields[email]\" id=\"form-field-email\" class=\"elementor-field elementor-size-sm  elementor-field-textual\" placeholder=\"E-mail\" required=\"required\">\n\t\t\t\t\t\t\t\t\t\t\t<\/div>\n\t\t\t\t\t\t\t\t<div class=\"elementor-field-type-tel elementor-field-group elementor-column elementor-field-group-field_ec8962e elementor-col-40\">\n\t\t\t\t\t\t\t\t\t\t\t\t<label for=\"form-field-field_ec8962e\" class=\"elementor-field-label\">\n\t\t\t\t\t\t\t\tPhone\t\t\t\t\t\t\t<\/label>\n\t\t\t\t\t\t\t\t<input size=\"1\" type=\"tel\" name=\"form_fields[field_ec8962e]\" id=\"form-field-field_ec8962e\" class=\"elementor-field elementor-size-sm  elementor-field-textual\" placeholder=\"Phone\" pattern=\"[0-9()#&amp;+*-=.]+\" title=\"Only numbers and phone characters (#, -, *, etc) are accepted.\">\n\n\t\t\t\t\t\t<\/div>\n\t\t\t\t\t\t\t\t<div class=\"elementor-field-type-textarea elementor-field-group elementor-column elementor-field-group-message elementor-col-100 elementor-field-required elementor-mark-required\">\n\t\t\t\t\t\t\t\t\t\t\t\t<label for=\"form-field-message\" class=\"elementor-field-label\">\n\t\t\t\t\t\t\t\tMessage\t\t\t\t\t\t\t<\/label>\n\t\t\t\t\t\t<textarea class=\"elementor-field-textual elementor-field  elementor-size-sm\" name=\"form_fields[message]\" id=\"form-field-message\" rows=\"4\" placeholder=\"Message\" required=\"required\"><\/textarea>\t\t\t\t<\/div>\n\t\t\t\t\t\t\t\t<div class=\"elementor-field-type-checkbox elementor-field-group elementor-column elementor-field-group-field_3a85201 elementor-col-100\">\n\t\t\t\t\t\t\t\t\t\t\t\t<label for=\"form-field-field_3a85201\" class=\"elementor-field-label\">\n\t\t\t\t\t\t\t\tI prefer to be contacted by: \t\t\t\t\t\t\t<\/label>\n\t\t\t\t\t\t<div class=\"elementor-field-subgroup  elementor-subgroup-inline\"><span class=\"elementor-field-option\"><input type=\"checkbox\" value=\"\" id=\"form-field-field_3a85201-0\" name=\"form_fields[field_3a85201][]\"> <label for=\"form-field-field_3a85201-0\">Phone <\/label><\/span><span class=\"elementor-field-option\"><input type=\"checkbox\" value=\"E-mail\" id=\"form-field-field_3a85201-1\" name=\"form_fields[field_3a85201][]\"> <label for=\"form-field-field_3a85201-1\">E-mail<\/label><\/span><\/div>\t\t\t\t<\/div>\n\t\t\t\t\t\t\t\t<div class=\"elementor-field-type-recaptcha_v3 elementor-field-group elementor-column elementor-field-group-field_1410ab2 elementor-col-100 recaptcha_v3-bottomright\">\n\t\t\t\t\t<div class=\"elementor-field\" id=\"form-field-field_1410ab2\"><div class=\"elementor-g-recaptcha\" data-sitekey=\"6LfPnb4dAAAAABqEPsytzhcZPh_FxH7X7o2OxTDr\" data-type=\"v3\" data-action=\"Form\" data-badge=\"bottomright\" data-size=\"invisible\"><\/div><\/div>\t\t\t\t<\/div>\n\t\t\t\t\t\t\t\t<div class=\"elementor-field-type-text\">\n\t\t\t\t\t<input size=\"1\" type=\"text\" name=\"form_fields[field_08b0e8a]\" id=\"form-field-field_08b0e8a\" class=\"elementor-field elementor-size-sm \" style=\"display:none !important;\">\t\t\t\t<\/div>\n\t\t\t\t\t\t\t\t<div class=\"elementor-field-group elementor-column elementor-field-type-submit elementor-col-20 e-form__buttons\">\n\t\t\t\t\t<button class=\"elementor-button elementor-size-sm\" type=\"submit\">\n\t\t\t\t\t\t<span class=\"elementor-button-content-wrapper\">\n\t\t\t\t\t\t\t\t\t\t\t\t\t\t\t\t\t\t\t\t\t\t<span class=\"elementor-button-text\">Send<\/span>\n\t\t\t\t\t\t\t\t\t\t\t\t\t<\/span>\n\t\t\t\t\t<\/button>\n\t\t\t\t<\/div>\n\t\t\t<\/div>\n\t\t<\/form>\n\t\t\t\t\t\t<\/div>\n\t\t\t\t<\/div>\n\t\t\t\t<\/div>\n\t\t<div class=\"elementor-element elementor-element-77cb63f e-con-full e-flex e-con e-child\" data-id=\"77cb63f\" data-element_type=\"container\" data-e-type=\"container\">\n\t\t<div class=\"elementor-element elementor-element-cfa8a65 e-con-full e-flex e-con e-child\" data-id=\"cfa8a65\" data-element_type=\"container\" data-e-type=\"container\">\n\t\t<div class=\"elementor-element elementor-element-7e0e778 e-con-full e-flex e-con e-child\" data-id=\"7e0e778\" data-element_type=\"container\" data-e-type=\"container\" data-settings=\"{&quot;background_background&quot;:&quot;classic&quot;}\">\n\t\t\t\t<div class=\"elementor-element elementor-element-a3e5ea2 elementor-widget elementor-widget-heading\" data-id=\"a3e5ea2\" data-element_type=\"widget\" data-e-type=\"widget\" data-widget_type=\"heading.default\">\n\t\t\t\t<div class=\"elementor-widget-container\">\n\t\t\t\t\t<h3 class=\"elementor-heading-title elementor-size-default\">our details<\/h3>\t\t\t\t<\/div>\n\t\t\t\t<\/div>\n\t\t\t\t<div class=\"elementor-element elementor-element-e366de7 elementor-widget elementor-widget-heading\" data-id=\"e366de7\" data-element_type=\"widget\" data-e-type=\"widget\" data-widget_type=\"heading.default\">\n\t\t\t\t<div class=\"elementor-widget-container\">\n\t\t\t\t\t<h5 class=\"elementor-heading-title elementor-size-default\">Phone<\/h5>\t\t\t\t<\/div>\n\t\t\t\t<\/div>\n\t\t\t\t<div class=\"elementor-element elementor-element-b14c09e elementor-widget elementor-widget-text-editor\" data-id=\"b14c09e\" data-element_type=\"widget\" data-e-type=\"widget\" data-widget_type=\"text-editor.default\">\n\t\t\t\t<div class=\"elementor-widget-container\">\n\t\t\t\t\t\t\t\t\t<p>+33 (0)4 93 20 21 21<\/p>\t\t\t\t\t\t\t\t<\/div>\n\t\t\t\t<\/div>\n\t\t\t\t<div class=\"elementor-element elementor-element-0f4a66b elementor-widget elementor-widget-heading\" data-id=\"0f4a66b\" data-element_type=\"widget\" data-e-type=\"widget\" data-widget_type=\"heading.default\">\n\t\t\t\t<div class=\"elementor-widget-container\">\n\t\t\t\t\t<h5 class=\"elementor-heading-title elementor-size-default\">E-mail<\/h5>\t\t\t\t<\/div>\n\t\t\t\t<\/div>\n\t\t\t\t<div class=\"elementor-element elementor-element-24cb2f3 elementor-widget elementor-widget-text-editor\" data-id=\"24cb2f3\" data-element_type=\"widget\" data-e-type=\"widget\" data-widget_type=\"text-editor.default\">\n\t\t\t\t<div class=\"elementor-widget-container\">\n\t\t\t\t\t\t\t\t\t<p>contact@hotelbahia06.fr<\/p>\t\t\t\t\t\t\t\t<\/div>\n\t\t\t\t<\/div>\n\t\t\t\t<div class=\"elementor-element elementor-element-9bf4af6 elementor-widget elementor-widget-heading\" data-id=\"9bf4af6\" data-element_type=\"widget\" data-e-type=\"widget\" data-widget_type=\"heading.default\">\n\t\t\t\t<div class=\"elementor-widget-container\">\n\t\t\t\t\t<h5 class=\"elementor-heading-title elementor-size-default\">Address<\/h5>\t\t\t\t<\/div>\n\t\t\t\t<\/div>\n\t\t\t\t<div class=\"elementor-element elementor-element-16719d5 elementor-widget elementor-widget-text-editor\" data-id=\"16719d5\" data-element_type=\"widget\" data-e-type=\"widget\" data-widget_type=\"text-editor.default\">\n\t\t\t\t<div class=\"elementor-widget-container\">\n\t\t\t\t\t\t\t\t\t<p>23 boulevard \u00c9ric Tabarly,<br>Route du Bord de Mer<br>06270 Villeneuve-loubet<\/p>\t\t\t\t\t\t\t\t<\/div>\n\t\t\t\t<\/div>\n\t\t\t\t<\/div>\n\t\t\t\t<\/div>\n\t\t\t\t<\/div>\n\t\t\t\t\t<\/div>\n\t\t\t\t<\/div>\n\t\t<div class=\"elementor-element elementor-element-1c426a0 e-flex e-con-boxed e-con e-parent\" data-id=\"1c426a0\" data-element_type=\"container\" data-e-type=\"container\">\n\t\t\t\t\t<div class=\"e-con-inner\">\n\t\t\t\t<div class=\"elementor-element elementor-element-44420b9 elementor-widget elementor-widget-tp-google-map\" data-id=\"44420b9\" data-element_type=\"widget\" data-e-type=\"widget\" data-widget_type=\"tp-google-map.default\">\n\t\t\t\t<div class=\"elementor-widget-container\">\n\t\t\t\t\t<div class=\"pt-plus-adv-gmap\" data-type=\"googlemap\"><div id=\"plus-gmap69e733ac6180c\" class=\"pt-plus-adv-map js-el  \" data-id=\"plus-gmap69e733ac6180c\" data-adv-maps=\"{&quot;style&quot;:[],&quot;places&quot;:[{&quot;address&quot;:&quot;&lt;p&gt;H\\u00f4tel Bahia&lt;\\\/p&gt;\\n&quot;,&quot;latitude&quot;:&quot;43.640190&quot;,&quot;longitude&quot;:&quot;7.140100&quot;,&quot;pin_icon&quot;:&quot;https:\\\/\\\/hotelbahia06.fr\\\/wp-content\\\/uploads\\\/2021\\\/12\\\/Pin-map-Bahia-4.webp&quot;,&quot;type&quot;:&quot;thumbnail&quot;},{&quot;address&quot;:&quot;&lt;p&gt;Nice airport&lt;\\\/p&gt;\\n&quot;,&quot;latitude&quot;:&quot;43.662720000000036&quot;,&quot;longitude&quot;:&quot;7.207870000000071&quot;,&quot;pin_icon&quot;:&quot;https:\\\/\\\/hotelbahia06.fr\\\/wp-content\\\/uploads\\\/2021\\\/12\\\/Pin-map-Bahia-6.webp&quot;,&quot;type&quot;:&quot;custom&quot;,&quot;width&quot;:&quot;56&quot;,&quot;height&quot;:&quot;63&quot;}],&quot;options&quot;:{&quot;zoom&quot;:12,&quot;scrollwheel&quot;:false,&quot;draggable&quot;:false,&quot;panControl&quot;:false,&quot;zoomControl&quot;:true,&quot;scaleControl&quot;:false,&quot;mapTypeControl&quot;:false,&quot;fullscreenControl&quot;:true,&quot;streetViewControl&quot;:false,&quot;marker_clustering&quot;:false,&quot;mapTypeId&quot;:&quot;ROADMAP&quot;},&quot;onhover&quot;:[],&quot;hidetitle&quot;:[]}\" data-map-style=\"style-4\"  ><\/div><\/div>\t\t\t\t<\/div>\n\t\t\t\t<\/div>\n\t\t\t\t\t<\/div>\n\t\t\t\t<\/div>\n\t\t\t\t<\/div>\n\t\t","protected":false},"excerpt":{"rendered":"<p>Contact Do you have questions, would you like to book? Leave us your contact details and your message and we will get back to you. our details Phone +33 (0)4 93 20 21 21 E-mail contact@hotelbahia06.fr Address 23 boulevard \u00c9ric Tabarly,Route du Bord de Mer06270 Villeneuve-loubet<\/p>\n","protected":false},"author":2,"featured_media":2817,"parent":0,"menu_order":0,"comment_status":"closed","ping_status":"closed","template":"elementor_header_footer","meta":{"_acf_changed":false,"footnotes":""},"class_list":["post-2942","page","type-page","status-publish","has-post-thumbnail","hentry"],"acf":[],"yoast_head":"<!-- This site is optimized with the Yoast SEO plugin v27.4 - https:\/\/yoast.com\/product\/yoast-seo-wordpress\/ -->\n<title>Contact - Bahia H\u00f4tel<\/title>\n<meta name=\"description\" content=\"Contact the team at the 3-star Hotel Bahia for any enquiries, bookings or services. We will respond promptly.\" \/>\n<meta name=\"robots\" content=\"index, follow, max-snippet:-1, max-image-preview:large, max-video-preview:-1\" \/>\n<link rel=\"canonical\" href=\"https:\/\/hotelbahia06.fr\/en\/contact\/\" \/>\n<meta property=\"og:locale\" content=\"en_US\" \/>\n<meta property=\"og:type\" content=\"article\" \/>\n<meta property=\"og:title\" content=\"Contact - Bahia H\u00f4tel\" \/>\n<meta property=\"og:description\" content=\"Contact the team at the 3-star Hotel Bahia for any enquiries, bookings or services. We will respond promptly.\" \/>\n<meta property=\"og:url\" content=\"https:\/\/hotelbahia06.fr\/en\/contact\/\" \/>\n<meta property=\"og:site_name\" content=\"Bahia H\u00f4tel\" \/>\n<meta property=\"article:modified_time\" content=\"2026-02-14T18:10:57+00:00\" \/>\n<meta property=\"og:image\" content=\"https:\/\/hotelbahia06.fr\/wp-content\/uploads\/2021\/10\/HERO-BAHIA-CONTACT-1.webp\" \/>\n\t<meta property=\"og:image:width\" content=\"1200\" \/>\n\t<meta property=\"og:image:height\" content=\"803\" \/>\n\t<meta property=\"og:image:type\" content=\"image\/jpeg\" \/>\n<meta name=\"twitter:card\" content=\"summary_large_image\" \/>\n<meta name=\"twitter:label1\" content=\"Est. reading time\" \/>\n\t<meta name=\"twitter:data1\" content=\"1 minute\" \/>\n<script type=\"application\/ld+json\" class=\"yoast-schema-graph\">{\"@context\":\"https:\\\/\\\/schema.org\",\"@graph\":[{\"@type\":\"WebPage\",\"@id\":\"https:\\\/\\\/hotelbahia06.fr\\\/en\\\/contact\\\/\",\"url\":\"https:\\\/\\\/hotelbahia06.fr\\\/en\\\/contact\\\/\",\"name\":\"Contact - Bahia H\u00f4tel\",\"isPartOf\":{\"@id\":\"https:\\\/\\\/hotelbahia06.fr\\\/en\\\/#website\"},\"primaryImageOfPage\":{\"@id\":\"https:\\\/\\\/hotelbahia06.fr\\\/en\\\/contact\\\/#primaryimage\"},\"image\":{\"@id\":\"https:\\\/\\\/hotelbahia06.fr\\\/en\\\/contact\\\/#primaryimage\"},\"thumbnailUrl\":\"https:\\\/\\\/hotelbahia06.fr\\\/wp-content\\\/uploads\\\/2021\\\/10\\\/HERO-BAHIA-CONTACT-1.webp\",\"datePublished\":\"2021-12-18T11:27:13+00:00\",\"dateModified\":\"2026-02-14T18:10:57+00:00\",\"description\":\"Contact the team at the 3-star Hotel Bahia for any enquiries, bookings or services. We will respond promptly.\",\"breadcrumb\":{\"@id\":\"https:\\\/\\\/hotelbahia06.fr\\\/en\\\/contact\\\/#breadcrumb\"},\"inLanguage\":\"en-US\",\"potentialAction\":[{\"@type\":\"ReadAction\",\"target\":[\"https:\\\/\\\/hotelbahia06.fr\\\/en\\\/contact\\\/\"]}]},{\"@type\":\"ImageObject\",\"inLanguage\":\"en-US\",\"@id\":\"https:\\\/\\\/hotelbahia06.fr\\\/en\\\/contact\\\/#primaryimage\",\"url\":\"https:\\\/\\\/hotelbahia06.fr\\\/wp-content\\\/uploads\\\/2021\\\/10\\\/HERO-BAHIA-CONTACT-1.webp\",\"contentUrl\":\"https:\\\/\\\/hotelbahia06.fr\\\/wp-content\\\/uploads\\\/2021\\\/10\\\/HERO-BAHIA-CONTACT-1.webp\",\"width\":1200,\"height\":803,\"caption\":\"Contactez l'\u00e9quipe de l'H\u00f4tel Bahia, nous sommes \u00e0 votre service - Villeneuve Loubet - C\u00f4te d'Azur - France\"},{\"@type\":\"BreadcrumbList\",\"@id\":\"https:\\\/\\\/hotelbahia06.fr\\\/en\\\/contact\\\/#breadcrumb\",\"itemListElement\":[{\"@type\":\"ListItem\",\"position\":1,\"name\":\"Accueil\",\"item\":\"https:\\\/\\\/hotelbahia06.fr\\\/en\\\/\"},{\"@type\":\"ListItem\",\"position\":2,\"name\":\"Contact\"}]},{\"@type\":\"WebSite\",\"@id\":\"https:\\\/\\\/hotelbahia06.fr\\\/en\\\/#website\",\"url\":\"https:\\\/\\\/hotelbahia06.fr\\\/en\\\/\",\"name\":\"Bahia H\u00f4tel\",\"description\":\"Partir \u00e0 la d\u00e9couverte de la C\u00f4te d&#039;Azur\",\"publisher\":{\"@id\":\"https:\\\/\\\/hotelbahia06.fr\\\/en\\\/#organization\"},\"potentialAction\":[{\"@type\":\"SearchAction\",\"target\":{\"@type\":\"EntryPoint\",\"urlTemplate\":\"https:\\\/\\\/hotelbahia06.fr\\\/en\\\/?s={search_term_string}\"},\"query-input\":{\"@type\":\"PropertyValueSpecification\",\"valueRequired\":true,\"valueName\":\"search_term_string\"}}],\"inLanguage\":\"en-US\"},{\"@type\":\"Organization\",\"@id\":\"https:\\\/\\\/hotelbahia06.fr\\\/en\\\/#organization\",\"name\":\"Bahia H\u00f4tel\",\"url\":\"https:\\\/\\\/hotelbahia06.fr\\\/en\\\/\",\"logo\":{\"@type\":\"ImageObject\",\"inLanguage\":\"en-US\",\"@id\":\"https:\\\/\\\/hotelbahia06.fr\\\/en\\\/#\\\/schema\\\/logo\\\/image\\\/\",\"url\":\"https:\\\/\\\/hotelbahia06.fr\\\/wp-content\\\/uploads\\\/2021\\\/10\\\/LOGO-BAHIA-HOTEL-web-RS-1.webp\",\"contentUrl\":\"https:\\\/\\\/hotelbahia06.fr\\\/wp-content\\\/uploads\\\/2021\\\/10\\\/LOGO-BAHIA-HOTEL-web-RS-1.webp\",\"width\":350,\"height\":97,\"caption\":\"Bahia H\u00f4tel\"},\"image\":{\"@id\":\"https:\\\/\\\/hotelbahia06.fr\\\/en\\\/#\\\/schema\\\/logo\\\/image\\\/\"}}]}<\/script>\n<!-- \/ Yoast SEO plugin. -->","yoast_head_json":{"title":"Contact - Bahia H\u00f4tel","description":"Contact the team at the 3-star Hotel Bahia for any enquiries, bookings or services. We will respond promptly.","robots":{"index":"index","follow":"follow","max-snippet":"max-snippet:-1","max-image-preview":"max-image-preview:large","max-video-preview":"max-video-preview:-1"},"canonical":"https:\/\/hotelbahia06.fr\/en\/contact\/","og_locale":"en_US","og_type":"article","og_title":"Contact - Bahia H\u00f4tel","og_description":"Contact the team at the 3-star Hotel Bahia for any enquiries, bookings or services. We will respond promptly.","og_url":"https:\/\/hotelbahia06.fr\/en\/contact\/","og_site_name":"Bahia H\u00f4tel","article_modified_time":"2026-02-14T18:10:57+00:00","og_image":[{"width":1200,"height":803,"url":"https:\/\/hotelbahia06.fr\/wp-content\/uploads\/2021\/10\/HERO-BAHIA-CONTACT-1.webp","type":"image\/jpeg"}],"twitter_card":"summary_large_image","twitter_misc":{"Est. reading time":"1 minute"},"schema":{"@context":"https:\/\/schema.org","@graph":[{"@type":"WebPage","@id":"https:\/\/hotelbahia06.fr\/en\/contact\/","url":"https:\/\/hotelbahia06.fr\/en\/contact\/","name":"Contact - Bahia H\u00f4tel","isPartOf":{"@id":"https:\/\/hotelbahia06.fr\/en\/#website"},"primaryImageOfPage":{"@id":"https:\/\/hotelbahia06.fr\/en\/contact\/#primaryimage"},"image":{"@id":"https:\/\/hotelbahia06.fr\/en\/contact\/#primaryimage"},"thumbnailUrl":"https:\/\/hotelbahia06.fr\/wp-content\/uploads\/2021\/10\/HERO-BAHIA-CONTACT-1.webp","datePublished":"2021-12-18T11:27:13+00:00","dateModified":"2026-02-14T18:10:57+00:00","description":"Contact the team at the 3-star Hotel Bahia for any enquiries, bookings or services. We will respond promptly.","breadcrumb":{"@id":"https:\/\/hotelbahia06.fr\/en\/contact\/#breadcrumb"},"inLanguage":"en-US","potentialAction":[{"@type":"ReadAction","target":["https:\/\/hotelbahia06.fr\/en\/contact\/"]}]},{"@type":"ImageObject","inLanguage":"en-US","@id":"https:\/\/hotelbahia06.fr\/en\/contact\/#primaryimage","url":"https:\/\/hotelbahia06.fr\/wp-content\/uploads\/2021\/10\/HERO-BAHIA-CONTACT-1.webp","contentUrl":"https:\/\/hotelbahia06.fr\/wp-content\/uploads\/2021\/10\/HERO-BAHIA-CONTACT-1.webp","width":1200,"height":803,"caption":"Contactez l'\u00e9quipe de l'H\u00f4tel Bahia, nous sommes \u00e0 votre service - Villeneuve Loubet - C\u00f4te d'Azur - France"},{"@type":"BreadcrumbList","@id":"https:\/\/hotelbahia06.fr\/en\/contact\/#breadcrumb","itemListElement":[{"@type":"ListItem","position":1,"name":"Accueil","item":"https:\/\/hotelbahia06.fr\/en\/"},{"@type":"ListItem","position":2,"name":"Contact"}]},{"@type":"WebSite","@id":"https:\/\/hotelbahia06.fr\/en\/#website","url":"https:\/\/hotelbahia06.fr\/en\/","name":"Bahia H\u00f4tel","description":"Partir \u00e0 la d\u00e9couverte de la C\u00f4te d&#039;Azur","publisher":{"@id":"https:\/\/hotelbahia06.fr\/en\/#organization"},"potentialAction":[{"@type":"SearchAction","target":{"@type":"EntryPoint","urlTemplate":"https:\/\/hotelbahia06.fr\/en\/?s={search_term_string}"},"query-input":{"@type":"PropertyValueSpecification","valueRequired":true,"valueName":"search_term_string"}}],"inLanguage":"en-US"},{"@type":"Organization","@id":"https:\/\/hotelbahia06.fr\/en\/#organization","name":"Bahia H\u00f4tel","url":"https:\/\/hotelbahia06.fr\/en\/","logo":{"@type":"ImageObject","inLanguage":"en-US","@id":"https:\/\/hotelbahia06.fr\/en\/#\/schema\/logo\/image\/","url":"https:\/\/hotelbahia06.fr\/wp-content\/uploads\/2021\/10\/LOGO-BAHIA-HOTEL-web-RS-1.webp","contentUrl":"https:\/\/hotelbahia06.fr\/wp-content\/uploads\/2021\/10\/LOGO-BAHIA-HOTEL-web-RS-1.webp","width":350,"height":97,"caption":"Bahia H\u00f4tel"},"image":{"@id":"https:\/\/hotelbahia06.fr\/en\/#\/schema\/logo\/image\/"}}]}},"_links":{"self":[{"href":"https:\/\/hotelbahia06.fr\/en\/wp-json\/wp\/v2\/pages\/2942","targetHints":{"allow":["GET"]}}],"collection":[{"href":"https:\/\/hotelbahia06.fr\/en\/wp-json\/wp\/v2\/pages"}],"about":[{"href":"https:\/\/hotelbahia06.fr\/en\/wp-json\/wp\/v2\/types\/page"}],"author":[{"embeddable":true,"href":"https:\/\/hotelbahia06.fr\/en\/wp-json\/wp\/v2\/users\/2"}],"replies":[{"embeddable":true,"href":"https:\/\/hotelbahia06.fr\/en\/wp-json\/wp\/v2\/comments?post=2942"}],"version-history":[{"count":6,"href":"https:\/\/hotelbahia06.fr\/en\/wp-json\/wp\/v2\/pages\/2942\/revisions"}],"predecessor-version":[{"id":5619,"href":"https:\/\/hotelbahia06.fr\/en\/wp-json\/wp\/v2\/pages\/2942\/revisions\/5619"}],"wp:featuredmedia":[{"embeddable":true,"href":"https:\/\/hotelbahia06.fr\/en\/wp-json\/wp\/v2\/media\/2817"}],"wp:attachment":[{"href":"https:\/\/hotelbahia06.fr\/en\/wp-json\/wp\/v2\/media?parent=2942"}],"curies":[{"name":"wp","href":"https:\/\/api.w.org\/{rel}","templated":true}]}}